{"id":1182,"date":"2025-09-10T13:38:32","date_gmt":"2025-09-10T17:38:32","guid":{"rendered":"https:\/\/stephanielabellecs.com\/conferencias\/"},"modified":"2025-09-18T12:00:36","modified_gmt":"2025-09-18T16:00:36","slug":"conferencias","status":"publish","type":"page","link":"https:\/\/stephanielabellecs.com\/es\/conferencias\/","title":{"rendered":"Conferencias"},"content":{"rendered":"\t\t<div data-elementor-type=\"wp-page\" data-elementor-id=\"1182\" class=\"elementor elementor-1182 elementor-1034\">\n\t\t\t\t\t\t<section class=\"elementor-section elementor-top-section elementor-element elementor-element-6702d3c elementor-section-height-min-height elementor-section-boxed elementor-section-height-default elementor-section-items-middle\" data-id=\"6702d3c\" data-element_type=\"section\" data-settings=\"{&quot;jet_parallax_layout_list&quot;:[{&quot;jet_parallax_layout_image&quot;:{&quot;url&quot;:&quot;&quot;,&quot;id&quot;:&quot;&quot;,&quot;size&quot;:&quot;&quot;},&quot;_id&quot;:&quot;df6ac17&quot;,&quot;jet_parallax_layout_image_tablet&quot;:{&quot;url&quot;:&quot;&quot;,&quot;id&quot;:&quot;&quot;,&quot;size&quot;:&quot;&quot;},&quot;jet_parallax_layout_image_mobile&quot;:{&quot;url&quot;:&quot;&quot;,&quot;id&quot;:&quot;&quot;,&quot;size&quot;:&quot;&quot;},&quot;jet_parallax_layout_speed&quot;:{&quot;unit&quot;:&quot;%&quot;,&quot;size&quot;:&quot;50&quot;,&quot;sizes&quot;:[]},&quot;jet_parallax_layout_bg_x&quot;:&quot;50&quot;,&quot;jet_parallax_layout_bg_y&quot;:&quot;50&quot;,&quot;jet_parallax_layout_type&quot;:&quot;scroll&quot;,&quot;jet_parallax_layout_direction&quot;:&quot;1&quot;,&quot;jet_parallax_layout_fx_direction&quot;:null,&quot;jet_parallax_layout_z_index&quot;:&quot;&quot;,&quot;jet_parallax_layout_bg_x_tablet&quot;:&quot;&quot;,&quot;jet_parallax_layout_bg_x_mobile&quot;:&quot;&quot;,&quot;jet_parallax_layout_bg_y_tablet&quot;:&quot;&quot;,&quot;jet_parallax_layout_bg_y_mobile&quot;:&quot;&quot;,&quot;jet_parallax_layout_bg_size&quot;:&quot;auto&quot;,&quot;jet_parallax_layout_bg_size_tablet&quot;:&quot;&quot;,&quot;jet_parallax_layout_bg_size_mobile&quot;:&quot;&quot;,&quot;jet_parallax_layout_animation_prop&quot;:&quot;transform&quot;,&quot;jet_parallax_layout_on&quot;:[&quot;desktop&quot;,&quot;tablet&quot;]}],&quot;background_background&quot;:&quot;classic&quot;}\">\n\t\t\t\t\t\t\t<div class=\"elementor-background-overlay\"><\/div>\n\t\t\t\t\t\t\t<div class=\"elementor-container elementor-column-gap-no\">\n\t\t\t\t\t<div class=\"elementor-column elementor-col-100 elementor-top-column elementor-element elementor-element-815b587\" data-id=\"815b587\" data-element_type=\"column\">\n\t\t\t<div class=\"elementor-widget-wrap elementor-element-populated\">\n\t\t\t\t\t\t<div class=\"elementor-element elementor-element-2fc1c69 elementor-widget elementor-widget-heading\" data-id=\"2fc1c69\" data-element_type=\"widget\" data-widget_type=\"heading.default\">\n\t\t\t\t\t<h1 class=\"elementor-heading-title elementor-size-default\">MIS Conferencias <\/h1>\t\t\t\t<\/div>\n\t\t\t\t\t<\/div>\n\t\t<\/div>\n\t\t\t\t\t<\/div>\n\t\t<\/section>\n\t\t\t\t<section class=\"elementor-section elementor-top-section elementor-element elementor-element-456a89c elementor-section-boxed elementor-section-height-default elementor-section-height-default\" data-id=\"456a89c\" data-element_type=\"section\" data-settings=\"{&quot;jet_parallax_layout_list&quot;:[{&quot;jet_parallax_layout_image&quot;:{&quot;url&quot;:&quot;&quot;,&quot;id&quot;:&quot;&quot;,&quot;size&quot;:&quot;&quot;},&quot;_id&quot;:&quot;aab590f&quot;,&quot;jet_parallax_layout_image_tablet&quot;:{&quot;url&quot;:&quot;&quot;,&quot;id&quot;:&quot;&quot;,&quot;size&quot;:&quot;&quot;},&quot;jet_parallax_layout_image_mobile&quot;:{&quot;url&quot;:&quot;&quot;,&quot;id&quot;:&quot;&quot;,&quot;size&quot;:&quot;&quot;},&quot;jet_parallax_layout_speed&quot;:{&quot;unit&quot;:&quot;%&quot;,&quot;size&quot;:&quot;50&quot;,&quot;sizes&quot;:[]},&quot;jet_parallax_layout_bg_x&quot;:&quot;50&quot;,&quot;jet_parallax_layout_bg_y&quot;:&quot;50&quot;,&quot;jet_parallax_layout_type&quot;:&quot;scroll&quot;,&quot;jet_parallax_layout_direction&quot;:&quot;1&quot;,&quot;jet_parallax_layout_fx_direction&quot;:null,&quot;jet_parallax_layout_z_index&quot;:&quot;&quot;,&quot;jet_parallax_layout_bg_x_tablet&quot;:&quot;&quot;,&quot;jet_parallax_layout_bg_x_mobile&quot;:&quot;&quot;,&quot;jet_parallax_layout_bg_y_tablet&quot;:&quot;&quot;,&quot;jet_parallax_layout_bg_y_mobile&quot;:&quot;&quot;,&quot;jet_parallax_layout_bg_size&quot;:&quot;auto&quot;,&quot;jet_parallax_layout_bg_size_tablet&quot;:&quot;&quot;,&quot;jet_parallax_layout_bg_size_mobile&quot;:&quot;&quot;,&quot;jet_parallax_layout_animation_prop&quot;:&quot;transform&quot;,&quot;jet_parallax_layout_on&quot;:[&quot;desktop&quot;,&quot;tablet&quot;]}],&quot;background_background&quot;:&quot;classic&quot;}\">\n\t\t\t\t\t\t<div class=\"elementor-container elementor-column-gap-no\">\n\t\t\t\t\t<div class=\"elementor-column elementor-col-50 elementor-top-column elementor-element elementor-element-4b46760\" data-id=\"4b46760\" data-element_type=\"column\">\n\t\t\t<div class=\"elementor-widget-wrap elementor-element-populated\">\n\t\t\t\t\t\t<div class=\"elementor-element elementor-element-686e9e9 elementor-widget elementor-widget-image\" data-id=\"686e9e9\" data-element_type=\"widget\" data-widget_type=\"image.default\">\n\t\t\t\t\t\t\t\t\t\t\t\t\t\t\t<img fetchpriority=\"high\" decoding=\"async\" width=\"683\" height=\"1024\" src=\"https:\/\/stephanielabellecs.com\/wp-content\/uploads\/2025\/09\/Photo-conference-683x1024.jpg\" class=\"attachment-large size-large wp-image-1181\" alt=\"\" srcset=\"https:\/\/stephanielabellecs.com\/wp-content\/uploads\/2025\/09\/Photo-conference-683x1024.jpg 683w, https:\/\/stephanielabellecs.com\/wp-content\/uploads\/2025\/09\/Photo-conference-200x300.jpg 200w, https:\/\/stephanielabellecs.com\/wp-content\/uploads\/2025\/09\/Photo-conference-768x1152.jpg 768w, https:\/\/stephanielabellecs.com\/wp-content\/uploads\/2025\/09\/Photo-conference.jpg 800w\" sizes=\"(max-width: 683px) 100vw, 683px\" \/>\t\t\t\t\t\t\t\t\t\t\t\t\t\t\t<\/div>\n\t\t\t\t<div class=\"elementor-element elementor-element-9a71317 elementor-widget elementor-widget-text-editor\" data-id=\"9a71317\" data-element_type=\"widget\" data-widget_type=\"text-editor.default\">\n\t\t\t\t\t\t\t\t\t<p><span style=\"color: #000000;\"><a style=\"color: #000000;\" href=\"https:\/\/altinoa.ca\/\">Cr\u00e9dito de la foto &#8211; Altinoa Photographie<\/a><\/span><\/p>\t\t\t\t\t\t\t\t<\/div>\n\t\t\t\t\t<\/div>\n\t\t<\/div>\n\t\t\t\t<div class=\"elementor-column elementor-col-50 elementor-top-column elementor-element elementor-element-38e6677\" data-id=\"38e6677\" data-element_type=\"column\">\n\t\t\t<div class=\"elementor-widget-wrap elementor-element-populated\">\n\t\t\t\t\t\t<div class=\"elementor-element elementor-element-d842c75 elementor-widget__width-initial elementor-widget elementor-widget-text-editor\" data-id=\"d842c75\" data-element_type=\"widget\" data-widget_type=\"text-editor.default\">\n\t\t\t\t\t\t\t\t\t<p>Mis conferencias abordan diferentes facetas de la experiencia con el dolor cr\u00f3nico. Se dirigen tanto a emprendedores como a profesionales, familiares y colectivos. Cada presentaci\u00f3n combina <strong data-start=\"2393\" data-end=\"2449\">sensibilizaci\u00f3n, estrategias concretas e inspiraci\u00f3n<\/strong>.<\/p>\t\t\t\t\t\t\t\t<\/div>\n\t\t\t\t<div class=\"elementor-element elementor-element-082a4b1 elementor-widget__width-initial elementor-widget elementor-widget-text-editor\" data-id=\"082a4b1\" data-element_type=\"widget\" data-widget_type=\"text-editor.default\">\n\t\t\t\t\t\t\t\t\t<p>Mis conferencias se dirigen a todos aquellos que deseen comprender mejor, acompa\u00f1ar o vivir con el dolor cr\u00f3nico, el estr\u00e9s y los desaf\u00edos invisibles del d\u00eda a d\u00eda. Cada presentaci\u00f3n combina <strong data-start=\"461\" data-end=\"531\">testimonios aut\u00e9nticos, estrategias concretas y herramientas pr\u00e1cticas<\/strong> para ofrecer una experiencia a la vez humana y motivadora.<\/p>\t\t\t\t\t\t\t\t<\/div>\n\t\t\t\t<div class=\"elementor-element elementor-element-a50566a elementor-widget__width-initial elementor-widget elementor-widget-text-editor\" data-id=\"a50566a\" data-element_type=\"widget\" data-widget_type=\"text-editor.default\">\n\t\t\t\t\t\t\t\t\t<p><strong>Tem\u00e1ticas que hablan a todo el mundo<\/strong><\/p><ul><li><strong>Emprendimiento y resiliencia<\/strong>: transformar la prueba en motor de creaci\u00f3n.<\/li><li><strong>Estr\u00e9s y bienestar en el trabajo<\/strong>: integrar estrategias sencillas para recuperar el equilibrio.<\/li><li><strong>Dolor invisible<\/strong>: sensibilizar a familiares, colegas y colectivos sobre realidades a menudo desconocidas.<\/li><li><strong>Herramientas pr\u00e1cticas<\/strong>: t\u00e9cnicas accesibles para mejorar el d\u00eda a d\u00eda y reforzar la confianza.<\/li><\/ul><p><strong>\u00bfPara qui\u00e9n?<\/strong><\/p><ul><li><strong>Empresas y gestores<\/strong> que desean mejorar el bienestar y la productividad de sus equipos.<\/li><li><strong>Escuelas e instituciones<\/strong> que desean inspirar a los j\u00f3venes a perseverar a pesar de los desaf\u00edos.<\/li><li><strong>Organismos y asociaciones<\/strong> que buscan sensibilizar y apoyar a las personas que viven con una realidad invisible.<\/li><\/ul>\t\t\t\t\t\t\t\t<\/div>\n\t\t\t\t<div class=\"elementor-element elementor-element-e07929e elementor-widget elementor-widget-button\" data-id=\"e07929e\" data-element_type=\"widget\" data-widget_type=\"button.default\">\n\t\t\t\t\t\t\t\t\t\t<a class=\"elementor-button elementor-button-link elementor-size-sm\" href=\"https:\/\/stephanielabellecs.com\/conferences-entrepreneurs-et-gestionnaire\/\">\n\t\t\t\t\t\t<span class=\"elementor-button-content-wrapper\">\n\t\t\t\t\t\t\t\t\t<span class=\"elementor-button-text\">Conferencias para emprendedores y gestores<\/span>\n\t\t\t\t\t<\/span>\n\t\t\t\t\t<\/a>\n\t\t\t\t\t\t\t\t<\/div>\n\t\t\t\t<div class=\"elementor-element elementor-element-9b85f34 elementor-widget elementor-widget-button\" data-id=\"9b85f34\" data-element_type=\"widget\" data-widget_type=\"button.default\">\n\t\t\t\t\t\t\t\t\t\t<a class=\"elementor-button elementor-button-link elementor-size-sm\" href=\"https:\/\/stephanielabellecs.com\/conference-pour-les-proche-professionnels-ou-collectifs\/\">\n\t\t\t\t\t\t<span class=\"elementor-button-content-wrapper\">\n\t\t\t\t\t\t\t\t\t<span class=\"elementor-button-text\">Conferencias para familiares, profesionales o colectivos<\/span>\n\t\t\t\t\t<\/span>\n\t\t\t\t\t<\/a>\n\t\t\t\t\t\t\t\t<\/div>\n\t\t\t\t\t<\/div>\n\t\t<\/div>\n\t\t\t\t\t<\/div>\n\t\t<\/section>\n\t\t\t\t<\/div>\n\t\t","protected":false},"excerpt":{"rendered":"<p>MIS Conferencias Cr\u00e9dito de la foto &#8211; Altinoa Photographie Mis conferencias abordan diferentes facetas de la experiencia con el dolor cr\u00f3nico. Se dirigen tanto a emprendedores como a profesionales, familiares y colectivos. Cada presentaci\u00f3n combina sensibilizaci\u00f3n, estrategias concretas e inspiraci\u00f3n. Mis conferencias se dirigen a todos aquellos que deseen comprender mejor, acompa\u00f1ar o vivir con [&hellip;]<\/p>\n","protected":false},"author":1,"featured_media":0,"parent":0,"menu_order":0,"comment_status":"closed","ping_status":"closed","template":"full-width.php","meta":{"_acf_changed":false,"footnotes":""},"class_list":["post-1182","page","type-page","status-publish","hentry"],"acf":[],"_links":{"self":[{"href":"https:\/\/stephanielabellecs.com\/es\/wp-json\/wp\/v2\/pages\/1182","targetHints":{"allow":["GET"]}}],"collection":[{"href":"https:\/\/stephanielabellecs.com\/es\/wp-json\/wp\/v2\/pages"}],"about":[{"href":"https:\/\/stephanielabellecs.com\/es\/wp-json\/wp\/v2\/types\/page"}],"author":[{"embeddable":true,"href":"https:\/\/stephanielabellecs.com\/es\/wp-json\/wp\/v2\/users\/1"}],"replies":[{"embeddable":true,"href":"https:\/\/stephanielabellecs.com\/es\/wp-json\/wp\/v2\/comments?post=1182"}],"version-history":[{"count":0,"href":"https:\/\/stephanielabellecs.com\/es\/wp-json\/wp\/v2\/pages\/1182\/revisions"}],"wp:attachment":[{"href":"https:\/\/stephanielabellecs.com\/es\/wp-json\/wp\/v2\/media?parent=1182"}],"curies":[{"name":"wp","href":"https:\/\/api.w.org\/{rel}","templated":true}]}}