{"id":1192,"date":"2025-09-09T20:22:49","date_gmt":"2025-09-10T00:22:49","guid":{"rendered":"https:\/\/stephanielabellecs.com\/politique-de-confidentialite\/"},"modified":"2025-10-25T13:05:09","modified_gmt":"2025-10-25T17:05:09","slug":"politica-de-privacidad","status":"publish","type":"page","link":"https:\/\/stephanielabellecs.com\/es\/politica-de-privacidad\/","title":{"rendered":"Pol\u00edtica de privacidad"},"content":{"rendered":"\t\t<div data-elementor-type=\"wp-page\" data-elementor-id=\"1192\" class=\"elementor elementor-1192 elementor-979\">\n\t\t\t\t\t\t<section class=\"elementor-section elementor-top-section elementor-element elementor-element-6702d3c elementor-section-height-min-height elementor-section-boxed elementor-section-height-default elementor-section-items-middle\" data-id=\"6702d3c\" data-element_type=\"section\" data-settings=\"{&quot;jet_parallax_layout_list&quot;:[{&quot;jet_parallax_layout_image&quot;:{&quot;url&quot;:&quot;&quot;,&quot;id&quot;:&quot;&quot;,&quot;size&quot;:&quot;&quot;},&quot;_id&quot;:&quot;df6ac17&quot;,&quot;jet_parallax_layout_image_tablet&quot;:{&quot;url&quot;:&quot;&quot;,&quot;id&quot;:&quot;&quot;,&quot;size&quot;:&quot;&quot;},&quot;jet_parallax_layout_image_mobile&quot;:{&quot;url&quot;:&quot;&quot;,&quot;id&quot;:&quot;&quot;,&quot;size&quot;:&quot;&quot;},&quot;jet_parallax_layout_speed&quot;:{&quot;unit&quot;:&quot;%&quot;,&quot;size&quot;:&quot;50&quot;,&quot;sizes&quot;:[]},&quot;jet_parallax_layout_bg_x&quot;:&quot;50&quot;,&quot;jet_parallax_layout_bg_y&quot;:&quot;50&quot;,&quot;jet_parallax_layout_type&quot;:&quot;scroll&quot;,&quot;jet_parallax_layout_direction&quot;:&quot;1&quot;,&quot;jet_parallax_layout_fx_direction&quot;:null,&quot;jet_parallax_layout_z_index&quot;:&quot;&quot;,&quot;jet_parallax_layout_bg_x_tablet&quot;:&quot;&quot;,&quot;jet_parallax_layout_bg_x_mobile&quot;:&quot;&quot;,&quot;jet_parallax_layout_bg_y_tablet&quot;:&quot;&quot;,&quot;jet_parallax_layout_bg_y_mobile&quot;:&quot;&quot;,&quot;jet_parallax_layout_bg_size&quot;:&quot;auto&quot;,&quot;jet_parallax_layout_bg_size_tablet&quot;:&quot;&quot;,&quot;jet_parallax_layout_bg_size_mobile&quot;:&quot;&quot;,&quot;jet_parallax_layout_animation_prop&quot;:&quot;transform&quot;,&quot;jet_parallax_layout_on&quot;:[&quot;desktop&quot;,&quot;tablet&quot;]}],&quot;background_background&quot;:&quot;classic&quot;}\">\n\t\t\t\t\t\t\t<div class=\"elementor-background-overlay\"><\/div>\n\t\t\t\t\t\t\t<div class=\"elementor-container elementor-column-gap-no\">\n\t\t\t\t\t<div class=\"elementor-column elementor-col-100 elementor-top-column elementor-element elementor-element-815b587\" data-id=\"815b587\" data-element_type=\"column\">\n\t\t\t<div class=\"elementor-widget-wrap elementor-element-populated\">\n\t\t\t\t\t\t<div class=\"elementor-element elementor-element-2fc1c69 elementor-widget elementor-widget-heading\" data-id=\"2fc1c69\" data-element_type=\"widget\" data-widget_type=\"heading.default\">\n\t\t\t\t\t<h1 class=\"elementor-heading-title elementor-size-default\">Pol\u00edtica de privacidad<\/h1>\t\t\t\t<\/div>\n\t\t\t\t\t<\/div>\n\t\t<\/div>\n\t\t\t\t\t<\/div>\n\t\t<\/section>\n\t\t\t\t<section class=\"elementor-section elementor-top-section elementor-element elementor-element-456a89c elementor-section-boxed elementor-section-height-default elementor-section-height-default\" data-id=\"456a89c\" data-element_type=\"section\" data-settings=\"{&quot;jet_parallax_layout_list&quot;:[{&quot;jet_parallax_layout_image&quot;:{&quot;url&quot;:&quot;&quot;,&quot;id&quot;:&quot;&quot;,&quot;size&quot;:&quot;&quot;},&quot;_id&quot;:&quot;aab590f&quot;,&quot;jet_parallax_layout_image_tablet&quot;:{&quot;url&quot;:&quot;&quot;,&quot;id&quot;:&quot;&quot;,&quot;size&quot;:&quot;&quot;},&quot;jet_parallax_layout_image_mobile&quot;:{&quot;url&quot;:&quot;&quot;,&quot;id&quot;:&quot;&quot;,&quot;size&quot;:&quot;&quot;},&quot;jet_parallax_layout_speed&quot;:{&quot;unit&quot;:&quot;%&quot;,&quot;size&quot;:&quot;50&quot;,&quot;sizes&quot;:[]},&quot;jet_parallax_layout_bg_x&quot;:&quot;50&quot;,&quot;jet_parallax_layout_bg_y&quot;:&quot;50&quot;,&quot;jet_parallax_layout_type&quot;:&quot;scroll&quot;,&quot;jet_parallax_layout_direction&quot;:&quot;1&quot;,&quot;jet_parallax_layout_fx_direction&quot;:null,&quot;jet_parallax_layout_z_index&quot;:&quot;&quot;,&quot;jet_parallax_layout_bg_x_tablet&quot;:&quot;&quot;,&quot;jet_parallax_layout_bg_x_mobile&quot;:&quot;&quot;,&quot;jet_parallax_layout_bg_y_tablet&quot;:&quot;&quot;,&quot;jet_parallax_layout_bg_y_mobile&quot;:&quot;&quot;,&quot;jet_parallax_layout_bg_size&quot;:&quot;auto&quot;,&quot;jet_parallax_layout_bg_size_tablet&quot;:&quot;&quot;,&quot;jet_parallax_layout_bg_size_mobile&quot;:&quot;&quot;,&quot;jet_parallax_layout_animation_prop&quot;:&quot;transform&quot;,&quot;jet_parallax_layout_on&quot;:[&quot;desktop&quot;,&quot;tablet&quot;]}],&quot;background_background&quot;:&quot;classic&quot;}\">\n\t\t\t\t\t\t<div class=\"elementor-container elementor-column-gap-no\">\n\t\t\t\t\t<div class=\"elementor-column elementor-col-100 elementor-top-column elementor-element elementor-element-38e6677\" data-id=\"38e6677\" data-element_type=\"column\">\n\t\t\t<div class=\"elementor-widget-wrap elementor-element-populated\">\n\t\t\t\t\t\t<div class=\"elementor-element elementor-element-d842c75 elementor-widget__width-initial elementor-widget elementor-widget-text-editor\" data-id=\"d842c75\" data-element_type=\"widget\" data-widget_type=\"text-editor.default\">\n\t\t\t\t\t\t\t\t\t<p><strong>POL\u00cdTICA DE PRIVACIDAD<\/strong><\/p>\n<p><strong>https:\/\/stephanielabellecs.com<\/strong><\/p>\n<p><strong><u>El prop\u00f3sito de esta pol\u00edtica de privacidad<\/u><\/strong><\/p>\n<p>El prop\u00f3sito de esta pol\u00edtica de privacidad es informar a los usuarios de nuestro sitio sobre los datos personales que recopilaremos, as\u00ed como la siguiente informaci\u00f3n, si corresponde:<\/p>\n<ol class=\"wp-block-list\" type=\"a\">\n<li>Los datos personales que recopilaremos<\/li>\n<li>El uso de los datos recopilados<\/li>\n<li>Qui\u00e9n tiene acceso a los datos recopilados<\/li>\n<li>Los derechos de los usuarios del sitio<\/li>\n<\/ol>\n<p>Esta pol\u00edtica de privacidad funciona en paralelo con los t\u00e9rminos y condiciones de uso de nuestro sitio.<\/p>\n<p><strong><u>Leyes aplicables<\/u><\/strong><\/p>\n<p>Esta pol\u00edtica cumple con las leyes establecidas en la <em>Ley de protecci\u00f3n de informaci\u00f3n personal y documentos electr\u00f3nicos<\/em> (LPRPDE).<\/p>\n<p>Para los residentes de los pa\u00edses de la UE, el&nbsp;<em>Reglamento General de Protecci\u00f3n de Datos<\/em> (RGDP) rige todas las pol\u00edticas de protecci\u00f3n de datos, independientemente de d\u00f3nde se encuentre el sitio. La presente pol\u00edtica de privacidad tiene como objetivo cumplir con el RGDP. Si hay alguna incoherencia entre esta pol\u00edtica y el RGDP, se aplicar\u00e1 el RGDP.  <\/p>\n<p>Para los residentes del estado de California, esta pol\u00edtica de privacidad tiene como objetivo cumplir con la&nbsp;<em>California Consumer Privacy Act (CCPA)<\/em>. Si hay alguna incoherencia entre este documento y la &nbsp;<em>CCPA<\/em>, se aplicar\u00e1 la legislaci\u00f3n del estado. Si encontramos alguna incoherencia, modificaremos nuestra pol\u00edtica para cumplir con la ley pertinente. <\/p>\n<p><strong><u>Consentimiento<\/u><\/strong><\/p>\n<p>Los usuarios aceptan que, al utilizar nuestro sitio, dan su consentimiento a:<\/p>\n<ol class=\"wp-block-list\" type=\"a\">\n<li>las condiciones establecidas en esta pol\u00edtica de privacidad y<\/li>\n<li>la recopilaci\u00f3n, el uso y la conservaci\u00f3n de los datos enumerados en esta pol\u00edtica.<\/li>\n<\/ol>\n<p><strong><u>Datos personales que recopilamos<\/u><\/strong><\/p>\n<p><strong>Datos recopilados autom\u00e1ticamente<\/strong><\/p>\n<p><strong>Datos recopilados autom\u00e1ticamente<\/strong><\/p>\n<ul class=\"wp-block-list\">\n<li>N\u00famero de usuarios.<\/li>\n<li>Estad\u00edsticas de la sesi\u00f3n.<\/li>\n<li>Geolocalizaci\u00f3n aproximada.<\/li>\n<li>Informaci\u00f3n sobre el navegador y el dispositivo.<\/li>\n<li>Direcci\u00f3n IP<\/li>\n<\/ul>\n<p>Tambi\u00e9n podemos recopilar los siguientes datos cuando realiza ciertas funciones en nuestro sitio:<\/p>\n<ol class=\"wp-block-list\" type=\"a\">\n<li>Nombre y apellido<\/li>\n<li>Correo electr\u00f3nico<\/li>\n<li>N\u00famero de tel\u00e9fono<\/li>\n<\/ol>\n<p>Estos datos pueden ser recopilados a trav\u00e9s de los siguientes m\u00e9todos:<\/p>\n<p>Tenga en cuenta que solo recopilamos los datos que nos ayudan a alcanzar el objetivo establecido en esta pol\u00edtica de privacidad. No recopilaremos datos adicionales sin informarle previamente. <\/p>\n<p><strong><u>C\u00f3mo utilizamos los datos personales<\/u><\/strong><\/p>\n<p>Los datos personales recopilados en nuestro sitio se utilizar\u00e1n \u00fanicamente para los fines especificados en esta pol\u00edtica o indicados en las p\u00e1ginas pertinentes de nuestro sitio. No utilizaremos sus datos m\u00e1s all\u00e1 de lo que divulguemos. <\/p>\n<p>Los datos que recopilamos cuando el usuario realiza ciertas funciones pueden utilizarse para los siguientes fines:<\/p>\n<ol class=\"wp-block-list\" type=\"a\">\n<li>Responder al formulario de contacto completado a trav\u00e9s de nuestro sitio web.<\/li>\n<\/ol>\n<p><strong><u>Con qui\u00e9n compartimos los datos personales<\/u><\/strong><\/p>\n<p><strong>Empleados<\/strong><br>Podemos divulgar a cualquier miembro de nuestra organizaci\u00f3n los datos de usuario que razonablemente necesite para realizar los objetivos establecidos en esta pol\u00edtica.<\/p>\n<p><strong>Otras divulgaciones<\/strong><br>Nos comprometemos a no vender ni compartir sus datos con terceros, excepto en los siguientes casos:<\/p>\n<ol class=\"wp-block-list\" type=\"a\">\n<li>si la ley lo exige<\/li>\n<li>si es necesario para cualquier procedimiento judicial<\/li>\n<li>para probar o proteger nuestros derechos legales<\/li>\n<li>a compradores o compradores potenciales de esta sociedad en caso de que busquemos vender la sociedad<\/li>\n<\/ol>\n<p>Si sigue hiperv\u00ednculos de nuestro sitio a otro sitio, tenga en cuenta que no somos responsables ni tenemos control sobre sus pol\u00edticas y pr\u00e1cticas de privacidad.<\/p>\n<p><strong><u>Cu\u00e1nto tiempo almacenamos los datos personales<\/u><\/strong><\/p>\n<p>No conservamos los datos de los usuarios m\u00e1s all\u00e1 de lo necesario para alcanzar los fines para los que se recopilan.<\/p>\n<p><strong><u>C\u00f3mo protegemos sus datos personales<\/u><\/strong><\/p>\n<p>Si bien tomamos todas las precauciones razonables para garantizar que los datos de los usuarios est\u00e9n seguros y que los usuarios est\u00e9n protegidos, siempre existe el riesgo de da\u00f1os. Internet en su totalidad puede ser, en ocasiones, poco seguro y, por lo tanto, no podemos garantizar la seguridad de los datos de los usuarios m\u00e1s all\u00e1 de lo que es razonablemente pr\u00e1ctico.<\/p>\n<p><strong><u>Menores de edad<\/u><\/strong><\/p>\n<p>Para los residentes de la UE, el RGPD establece que las personas menores de 15 a\u00f1os se consideran menores a efectos de la recopilaci\u00f3n de datos. Los menores deben tener el consentimiento de un representante legal para que sus datos sean recopilados, procesados y utilizados.<\/p>\n<p><strong><u>Sus derechos como usuario<\/u><\/strong><\/p>\n<p>Como usuario, tiene derecho a acceder a todos los datos personales que hemos recopilado sobre usted. Adem\u00e1s, tiene derecho a actualizar o corregir cualquier dato personal que tengamos, siempre que sea aceptable seg\u00fan la ley.<\/p>\n<p>Puede optar por suprimir o modificar su consentimiento a la recopilaci\u00f3n y al uso de los datos en cualquier momento, siempre que sea legalmente aceptable hacerlo y que nos haya informado en un plazo razonable.<\/p>\n<p><strong><u>C\u00f3mo modificar, suprimir o impugnar los datos recopilados<\/u><\/strong><\/p>\n<p>Si desea que su informaci\u00f3n sea suprimida o modificada de alguna manera, p\u00f3ngase en contacto con nosotros.<\/p>\n<p><strong><u>Modificaciones<\/u><\/strong><\/p>\n<p>Esta pol\u00edtica de privacidad puede modificarse ocasionalmente para mantener el cumplimiento de la ley y reflejar cualquier cambio en nuestro proceso de recopilaci\u00f3n de datos. Recomendamos a nuestros usuarios que revisen nuestra pol\u00edtica peri\u00f3dicamente para asegurarse de estar informados sobre cualquier actualizaci\u00f3n. Cuando sea necesario, podemos informar a los usuarios por correo electr\u00f3nico sobre los cambios realizados en esta pol\u00edtica.<\/p>\n<p><strong><u>Contacto<\/u><\/strong><\/p>\n<p>Si tiene alguna pregunta que hacernos, no dude en ponerse en contacto con nosotros.<\/p>\n<p><em>Fecha de entrada en vigor:<\/em> 9 de septiembre de 2025<\/p>\t\t\t\t\t\t\t\t<\/div>\n\t\t\t\t<div class=\"elementor-element elementor-element-e31df61 elementor-widget__width-initial elementor-widget elementor-widget-text-editor\" data-id=\"e31df61\" data-element_type=\"widget\" data-widget_type=\"text-editor.default\">\n\t\t\t\t\t\t\t\t\t<p class=\"cvgsua\" style=\"line-height: 21.75pt;\"><span class=\"agcmg\">CONFERENCIA 1: <\/span><span class=\"agcmg\">Emprender con el dolor: Transformar la prueba en motor de creaci\u00f3n<\/span><\/p>\t\t\t\t\t\t\t\t<\/div>\n\t\t\t\t<div class=\"elementor-element elementor-element-082a4b1 elementor-widget__width-initial elementor-widget elementor-widget-text-editor\" data-id=\"082a4b1\" data-element_type=\"widget\" data-widget_type=\"text-editor.default\">\n\t\t\t\t\t\t\t\t\t<p>Objetivo: Estrategias concretas para no dejar que el dolor invada nuestro d\u00eda a d\u00eda como emprendedor.<\/p><p>CONTENIDO<\/p><ul><li>Las adaptaciones esenciales en su empresa<\/li><li>La importancia de la escucha de uno mismo, del descanso estrat\u00e9gico y de las elecciones alineadas con su salud<\/li><li>Herramientas concretas para gestionar la energ\u00eda a diario<\/li><\/ul>\t\t\t\t\t\t\t\t<\/div>\n\t\t\t\t\t<\/div>\n\t\t<\/div>\n\t\t\t\t\t<\/div>\n\t\t<\/section>\n\t\t\t\t<\/div>\n\t\t","protected":false},"excerpt":{"rendered":"<p>Pol\u00edtica de privacidad POL\u00cdTICA DE PRIVACIDAD https:\/\/stephanielabellecs.com El prop\u00f3sito de esta pol\u00edtica de privacidad El prop\u00f3sito de esta pol\u00edtica de privacidad es informar a los usuarios de nuestro sitio sobre los datos personales que recopilaremos, as\u00ed como la siguiente informaci\u00f3n, si corresponde: Los datos personales que recopilaremos El uso de los datos recopilados Qui\u00e9n tiene [&hellip;]<\/p>\n","protected":false},"author":1,"featured_media":0,"parent":0,"menu_order":0,"comment_status":"closed","ping_status":"closed","template":"full-width.php","meta":{"_acf_changed":false,"footnotes":""},"class_list":["post-1192","page","type-page","status-publish","hentry"],"acf":[],"_links":{"self":[{"href":"https:\/\/stephanielabellecs.com\/es\/wp-json\/wp\/v2\/pages\/1192","targetHints":{"allow":["GET"]}}],"collection":[{"href":"https:\/\/stephanielabellecs.com\/es\/wp-json\/wp\/v2\/pages"}],"about":[{"href":"https:\/\/stephanielabellecs.com\/es\/wp-json\/wp\/v2\/types\/page"}],"author":[{"embeddable":true,"href":"https:\/\/stephanielabellecs.com\/es\/wp-json\/wp\/v2\/users\/1"}],"replies":[{"embeddable":true,"href":"https:\/\/stephanielabellecs.com\/es\/wp-json\/wp\/v2\/comments?post=1192"}],"version-history":[{"count":3,"href":"https:\/\/stephanielabellecs.com\/es\/wp-json\/wp\/v2\/pages\/1192\/revisions"}],"predecessor-version":[{"id":1316,"href":"https:\/\/stephanielabellecs.com\/es\/wp-json\/wp\/v2\/pages\/1192\/revisions\/1316"}],"wp:attachment":[{"href":"https:\/\/stephanielabellecs.com\/es\/wp-json\/wp\/v2\/media?parent=1192"}],"curies":[{"name":"wp","href":"https:\/\/api.w.org\/{rel}","templated":true}]}}