{"id":1287,"date":"2025-09-30T14:31:37","date_gmt":"2025-09-30T18:31:37","guid":{"rendered":"https:\/\/stephanielabellecs.com\/conferencias-anteriores\/"},"modified":"2025-09-30T14:59:11","modified_gmt":"2025-09-30T18:59:11","slug":"conferencias-anteriores","status":"publish","type":"page","link":"https:\/\/stephanielabellecs.com\/es\/conferencias-anteriores\/","title":{"rendered":"Conferencias anteriores"},"content":{"rendered":"\t\t<div data-elementor-type=\"wp-page\" data-elementor-id=\"1287\" class=\"elementor elementor-1287 elementor-1245\">\n\t\t\t\t\t\t<section class=\"elementor-section elementor-top-section elementor-element elementor-element-6702d3c elementor-section-height-min-height elementor-section-boxed elementor-section-height-default elementor-section-items-middle\" data-id=\"6702d3c\" data-element_type=\"section\" data-settings=\"{&quot;jet_parallax_layout_list&quot;:[{&quot;jet_parallax_layout_image&quot;:{&quot;url&quot;:&quot;&quot;,&quot;id&quot;:&quot;&quot;,&quot;size&quot;:&quot;&quot;},&quot;_id&quot;:&quot;df6ac17&quot;,&quot;jet_parallax_layout_image_tablet&quot;:{&quot;url&quot;:&quot;&quot;,&quot;id&quot;:&quot;&quot;,&quot;size&quot;:&quot;&quot;},&quot;jet_parallax_layout_image_mobile&quot;:{&quot;url&quot;:&quot;&quot;,&quot;id&quot;:&quot;&quot;,&quot;size&quot;:&quot;&quot;},&quot;jet_parallax_layout_speed&quot;:{&quot;unit&quot;:&quot;%&quot;,&quot;size&quot;:&quot;50&quot;,&quot;sizes&quot;:[]},&quot;jet_parallax_layout_bg_x&quot;:&quot;50&quot;,&quot;jet_parallax_layout_bg_y&quot;:&quot;50&quot;,&quot;jet_parallax_layout_type&quot;:&quot;scroll&quot;,&quot;jet_parallax_layout_direction&quot;:&quot;1&quot;,&quot;jet_parallax_layout_fx_direction&quot;:null,&quot;jet_parallax_layout_z_index&quot;:&quot;&quot;,&quot;jet_parallax_layout_bg_x_tablet&quot;:&quot;&quot;,&quot;jet_parallax_layout_bg_x_mobile&quot;:&quot;&quot;,&quot;jet_parallax_layout_bg_y_tablet&quot;:&quot;&quot;,&quot;jet_parallax_layout_bg_y_mobile&quot;:&quot;&quot;,&quot;jet_parallax_layout_bg_size&quot;:&quot;auto&quot;,&quot;jet_parallax_layout_bg_size_tablet&quot;:&quot;&quot;,&quot;jet_parallax_layout_bg_size_mobile&quot;:&quot;&quot;,&quot;jet_parallax_layout_animation_prop&quot;:&quot;transform&quot;,&quot;jet_parallax_layout_on&quot;:[&quot;desktop&quot;,&quot;tablet&quot;]}],&quot;background_background&quot;:&quot;classic&quot;}\">\n\t\t\t\t\t\t\t<div class=\"elementor-background-overlay\"><\/div>\n\t\t\t\t\t\t\t<div class=\"elementor-container elementor-column-gap-no\">\n\t\t\t\t\t<div class=\"elementor-column elementor-col-100 elementor-top-column elementor-element elementor-element-815b587\" data-id=\"815b587\" data-element_type=\"column\">\n\t\t\t<div class=\"elementor-widget-wrap elementor-element-populated\">\n\t\t\t\t\t\t<div class=\"elementor-element elementor-element-2fc1c69 elementor-widget elementor-widget-heading\" data-id=\"2fc1c69\" data-element_type=\"widget\" data-widget_type=\"heading.default\">\n\t\t\t\t\t<h1 class=\"elementor-heading-title elementor-size-default\">Conferencias anteriores<\/h1>\t\t\t\t<\/div>\n\t\t\t\t\t<\/div>\n\t\t<\/div>\n\t\t\t\t\t<\/div>\n\t\t<\/section>\n\t\t\t\t<section class=\"elementor-section elementor-top-section elementor-element elementor-element-456a89c elementor-section-boxed elementor-section-height-default elementor-section-height-default\" data-id=\"456a89c\" data-element_type=\"section\" data-settings=\"{&quot;jet_parallax_layout_list&quot;:[{&quot;jet_parallax_layout_image&quot;:{&quot;url&quot;:&quot;&quot;,&quot;id&quot;:&quot;&quot;,&quot;size&quot;:&quot;&quot;},&quot;_id&quot;:&quot;aab590f&quot;,&quot;jet_parallax_layout_image_tablet&quot;:{&quot;url&quot;:&quot;&quot;,&quot;id&quot;:&quot;&quot;,&quot;size&quot;:&quot;&quot;},&quot;jet_parallax_layout_image_mobile&quot;:{&quot;url&quot;:&quot;&quot;,&quot;id&quot;:&quot;&quot;,&quot;size&quot;:&quot;&quot;},&quot;jet_parallax_layout_speed&quot;:{&quot;unit&quot;:&quot;%&quot;,&quot;size&quot;:&quot;50&quot;,&quot;sizes&quot;:[]},&quot;jet_parallax_layout_bg_x&quot;:&quot;50&quot;,&quot;jet_parallax_layout_bg_y&quot;:&quot;50&quot;,&quot;jet_parallax_layout_type&quot;:&quot;scroll&quot;,&quot;jet_parallax_layout_direction&quot;:&quot;1&quot;,&quot;jet_parallax_layout_fx_direction&quot;:null,&quot;jet_parallax_layout_z_index&quot;:&quot;&quot;,&quot;jet_parallax_layout_bg_x_tablet&quot;:&quot;&quot;,&quot;jet_parallax_layout_bg_x_mobile&quot;:&quot;&quot;,&quot;jet_parallax_layout_bg_y_tablet&quot;:&quot;&quot;,&quot;jet_parallax_layout_bg_y_mobile&quot;:&quot;&quot;,&quot;jet_parallax_layout_bg_size&quot;:&quot;auto&quot;,&quot;jet_parallax_layout_bg_size_tablet&quot;:&quot;&quot;,&quot;jet_parallax_layout_bg_size_mobile&quot;:&quot;&quot;,&quot;jet_parallax_layout_animation_prop&quot;:&quot;transform&quot;,&quot;jet_parallax_layout_on&quot;:[&quot;desktop&quot;,&quot;tablet&quot;]}],&quot;background_background&quot;:&quot;classic&quot;}\">\n\t\t\t\t\t\t<div class=\"elementor-container elementor-column-gap-no\">\n\t\t\t\t\t<div class=\"elementor-column elementor-col-50 elementor-top-column elementor-element elementor-element-4b46760\" data-id=\"4b46760\" data-element_type=\"column\">\n\t\t\t<div class=\"elementor-widget-wrap elementor-element-populated\">\n\t\t\t\t\t\t<div class=\"elementor-element elementor-element-686e9e9 elementor-widget elementor-widget-image\" data-id=\"686e9e9\" data-element_type=\"widget\" data-widget_type=\"image.default\">\n\t\t\t\t\t\t\t\t\t\t\t\t\t\t\t<img fetchpriority=\"high\" decoding=\"async\" width=\"768\" height=\"1024\" src=\"https:\/\/stephanielabellecs.com\/wp-content\/uploads\/2025\/09\/Stephanie-en-action-768x1024.jpg\" class=\"attachment-large size-large wp-image-1257\" alt=\"\" srcset=\"https:\/\/stephanielabellecs.com\/wp-content\/uploads\/2025\/09\/Stephanie-en-action-768x1024.jpg 768w, https:\/\/stephanielabellecs.com\/wp-content\/uploads\/2025\/09\/Stephanie-en-action-225x300.jpg 225w, https:\/\/stephanielabellecs.com\/wp-content\/uploads\/2025\/09\/Stephanie-en-action.jpg 1024w\" sizes=\"(max-width: 768px) 100vw, 768px\" \/>\t\t\t\t\t\t\t\t\t\t\t\t\t\t\t<\/div>\n\t\t\t\t\t<\/div>\n\t\t<\/div>\n\t\t\t\t<div class=\"elementor-column elementor-col-50 elementor-top-column elementor-element elementor-element-38e6677\" data-id=\"38e6677\" data-element_type=\"column\">\n\t\t\t<div class=\"elementor-widget-wrap elementor-element-populated\">\n\t\t\t\t\t\t<div class=\"elementor-element elementor-element-d842c75 elementor-widget__width-initial elementor-widget elementor-widget-text-editor\" data-id=\"d842c75\" data-element_type=\"widget\" data-widget_type=\"text-editor.default\">\n\t\t\t\t\t\t\t\t\t<p>Con una experiencia variada en animaci\u00f3n y apoyo, St\u00e9phanie ha sido invitada a hablar en numerosos eventos educativos y profesionales. Sus conferencias abordan temas actuales como el emprendimiento, la diversidad cultural y la integraci\u00f3n, y tienen como objetivo inspirar, concienciar y equipar al p\u00fablico al que se dirige.<\/p>\t\t\t\t\t\t\t\t<\/div>\n\t\t\t\t<div class=\"elementor-element elementor-element-a50566a elementor-widget__width-initial elementor-widget elementor-widget-text-editor\" data-id=\"a50566a\" data-element_type=\"widget\" data-widget_type=\"text-editor.default\">\n\t\t\t\t\t\t\t\t\t<p><strong>Presentaciones y eventos anteriores<\/strong><\/p><ul><li>Conferenciante durante la <strong>Semaine des entrepreneurs \u00e0 l\u2019\u00e9cole <\/strong>(OSEntreprendre) desde 2021 en escuelas primarias y secundarias<\/li><li>Conferenciante y moderadora para el Women EmpowerX \u2013WEX Virtual 2021<\/li><\/ul><ul><li>Coanimaci\u00f3n del <strong>\u00c9v\u00e9nement ID <\/strong>con <em>Le R Premier <\/em>en el Th\u00e9\u00e2tre Gilles-Vigneault en colaboraci\u00f3n con el CIE Laurentides y la CCISJM para favorecer la integraci\u00f3n de los reci\u00e9n llegados en 2020<\/li><\/ul><ul><li>Formaciones en diversidad cultural y talleres de impacto <em>Sensibilisation \u00e0 la diversit\u00e9 culturelle<\/em> desde 2021<\/li><\/ul><ul><li>Conferencias en emprendimiento para los futuros emprendedores en la UQO en el marco del curso <em>L\u2019Entrepreneur et l\u2019entrepreneuriat<\/em> desde 2022<\/li><\/ul>\t\t\t\t\t\t\t\t<\/div>\n\t\t\t\t<div class=\"elementor-element elementor-element-e07929e elementor-widget elementor-widget-button\" data-id=\"e07929e\" data-element_type=\"widget\" data-widget_type=\"button.default\">\n\t\t\t\t\t\t\t\t\t\t<a class=\"elementor-button elementor-button-link elementor-size-sm\" href=\"https:\/\/stephanielabellecs.com\/es\/conferencias-para-emprendedores-y-gestores\/\">\n\t\t\t\t\t\t<span class=\"elementor-button-content-wrapper\">\n\t\t\t\t\t\t\t\t\t<span class=\"elementor-button-text\">Conferencias para emprendedores y gestores<\/span>\n\t\t\t\t\t<\/span>\n\t\t\t\t\t<\/a>\n\t\t\t\t\t\t\t\t<\/div>\n\t\t\t\t<div class=\"elementor-element elementor-element-9b85f34 elementor-widget elementor-widget-button\" data-id=\"9b85f34\" data-element_type=\"widget\" data-widget_type=\"button.default\">\n\t\t\t\t\t\t\t\t\t\t<a class=\"elementor-button elementor-button-link elementor-size-sm\" href=\"https:\/\/stephanielabellecs.com\/es\/conferencias-para-familiares-profesionales-o-colectivos\/\">\n\t\t\t\t\t\t<span class=\"elementor-button-content-wrapper\">\n\t\t\t\t\t\t\t\t\t<span class=\"elementor-button-text\">Conferencias para familiares, profesionales o colectivos<\/span>\n\t\t\t\t\t<\/span>\n\t\t\t\t\t<\/a>\n\t\t\t\t\t\t\t\t<\/div>\n\t\t\t\t\t<\/div>\n\t\t<\/div>\n\t\t\t\t\t<\/div>\n\t\t<\/section>\n\t\t<div class=\"elementor-element elementor-element-9fecefd e-flex e-con-boxed e-con e-parent\" data-id=\"9fecefd\" data-element_type=\"container\" data-settings=\"{&quot;jet_parallax_layout_list&quot;:[]}\">\n\t\t\t\t\t<div class=\"e-con-inner\">\n\t\t<div class=\"elementor-element elementor-element-3836a07 e-con-full e-flex e-con e-child\" data-id=\"3836a07\" data-element_type=\"container\" data-settings=\"{&quot;jet_parallax_layout_list&quot;:[]}\">\n\t\t\t\t<div class=\"elementor-element elementor-element-483f9f3 elementor-widget elementor-widget-image\" data-id=\"483f9f3\" data-element_type=\"widget\" data-widget_type=\"image.default\">\n\t\t\t\t\t\t\t\t\t\t\t\t\t\t\t<img decoding=\"async\" width=\"1024\" height=\"502\" src=\"https:\/\/stephanielabellecs.com\/wp-content\/uploads\/2025\/09\/conferences-precedentes.2-1024x502.jpg\" class=\"attachment-large size-large wp-image-1258\" alt=\"\" srcset=\"https:\/\/stephanielabellecs.com\/wp-content\/uploads\/2025\/09\/conferences-precedentes.2-1024x502.jpg 1024w, https:\/\/stephanielabellecs.com\/wp-content\/uploads\/2025\/09\/conferences-precedentes.2-300x147.jpg 300w, https:\/\/stephanielabellecs.com\/wp-content\/uploads\/2025\/09\/conferences-precedentes.2-768x377.jpg 768w, https:\/\/stephanielabellecs.com\/wp-content\/uploads\/2025\/09\/conferences-precedentes.2-1536x753.jpg 1536w, https:\/\/stephanielabellecs.com\/wp-content\/uploads\/2025\/09\/conferences-precedentes.2.jpg 1999w\" sizes=\"(max-width: 1024px) 100vw, 1024px\" \/>\t\t\t\t\t\t\t\t\t\t\t\t\t\t\t<\/div>\n\t\t\t\t<\/div>\n\t\t<div class=\"elementor-element elementor-element-315450a e-con-full e-flex e-con e-child\" data-id=\"315450a\" data-element_type=\"container\" data-settings=\"{&quot;jet_parallax_layout_list&quot;:[]}\">\n\t\t\t\t<div class=\"elementor-element elementor-element-a765e7b elementor-widget elementor-widget-image\" data-id=\"a765e7b\" data-element_type=\"widget\" data-widget_type=\"image.default\">\n\t\t\t\t\t\t\t\t\t\t\t\t\t\t\t<img decoding=\"async\" width=\"1024\" height=\"576\" src=\"https:\/\/stephanielabellecs.com\/wp-content\/uploads\/2025\/09\/MaTV-2-1024x576.jpg\" class=\"attachment-large size-large wp-image-1259\" alt=\"\" srcset=\"https:\/\/stephanielabellecs.com\/wp-content\/uploads\/2025\/09\/MaTV-2-1024x576.jpg 1024w, https:\/\/stephanielabellecs.com\/wp-content\/uploads\/2025\/09\/MaTV-2-300x169.jpg 300w, https:\/\/stephanielabellecs.com\/wp-content\/uploads\/2025\/09\/MaTV-2-768x432.jpg 768w, https:\/\/stephanielabellecs.com\/wp-content\/uploads\/2025\/09\/MaTV-2.jpg 1136w\" sizes=\"(max-width: 1024px) 100vw, 1024px\" \/>\t\t\t\t\t\t\t\t\t\t\t\t\t\t\t<\/div>\n\t\t\t\t<\/div>\n\t\t\t\t\t<\/div>\n\t\t\t\t<\/div>\n\t\t\t\t<\/div>\n\t\t","protected":false},"excerpt":{"rendered":"<p>Conferencias anteriores Con una experiencia variada en animaci\u00f3n y apoyo, St\u00e9phanie ha sido invitada a hablar en numerosos eventos educativos y profesionales. Sus conferencias abordan temas actuales como el emprendimiento, la diversidad cultural y la integraci\u00f3n, y tienen como objetivo inspirar, concienciar y equipar al p\u00fablico al que se dirige. Presentaciones y eventos anteriores Conferenciante [&hellip;]<\/p>\n","protected":false},"author":1,"featured_media":0,"parent":0,"menu_order":0,"comment_status":"closed","ping_status":"closed","template":"full-width.php","meta":{"_acf_changed":false,"footnotes":""},"class_list":["post-1287","page","type-page","status-publish","hentry"],"acf":[],"_links":{"self":[{"href":"https:\/\/stephanielabellecs.com\/es\/wp-json\/wp\/v2\/pages\/1287","targetHints":{"allow":["GET"]}}],"collection":[{"href":"https:\/\/stephanielabellecs.com\/es\/wp-json\/wp\/v2\/pages"}],"about":[{"href":"https:\/\/stephanielabellecs.com\/es\/wp-json\/wp\/v2\/types\/page"}],"author":[{"embeddable":true,"href":"https:\/\/stephanielabellecs.com\/es\/wp-json\/wp\/v2\/users\/1"}],"replies":[{"embeddable":true,"href":"https:\/\/stephanielabellecs.com\/es\/wp-json\/wp\/v2\/comments?post=1287"}],"version-history":[{"count":0,"href":"https:\/\/stephanielabellecs.com\/es\/wp-json\/wp\/v2\/pages\/1287\/revisions"}],"wp:attachment":[{"href":"https:\/\/stephanielabellecs.com\/es\/wp-json\/wp\/v2\/media?parent=1287"}],"curies":[{"name":"wp","href":"https:\/\/api.w.org\/{rel}","templated":true}]}}